{"id":2088,"date":"2021-11-18T09:36:43","date_gmt":"2021-11-18T08:36:43","guid":{"rendered":"https:\/\/www.bluagri.com\/news\/"},"modified":"2022-05-06T14:22:53","modified_gmt":"2022-05-06T12:22:53","slug":"news","status":"publish","type":"page","link":"https:\/\/www.bluagri.com\/pt-br\/news\/","title":{"rendered":"News"},"content":{"rendered":"<div class=\"wpb-content-wrapper\">[vc_row disable_element=&#8221;yes&#8221; css=&#8221;.vc_custom_1644492660641{padding-top: 50px !important;padding-bottom: 30px !important;}&#8221;][vc_column width=&#8221;1\/2&#8243;][vc_column_text]Ut wisi enim ad minim veniam, quis nostrud exerci tation ullamcorper suscipit lobortis nisl ut aliquip ex ea commodo consequat. Duis autem vel eum iriure dolor in hendrerit in vulputate velit esse molestie consequat, vel illum dolore eu feugiat nulla facilisis at vero eros et accumsan et iusto odio dignissim qui blandit praesent luptatum zzril delenit augue duis dolore te feugait nulla facilisi.[\/vc_column_text][\/vc_column][vc_column width=&#8221;1\/2&#8243;][vc_column_text]I am text block. Click edit button to change this text. Lorem ipsum dolor sit amet, consectetur adipiscing elit. Ut elit tellus, luctus nec ullamcorper mattis, pulvinar dapibus leo.[\/vc_column_text][\/vc_column][\/vc_row][vc_row][vc_column]<div class=\"vcex-spacing wpex-w-100 wpex-clear\"><\/div>No momento, n\u00e3o h\u00e1 novidades dispon\u00edveis.[\/vc_column][\/vc_row]\n<\/div>","protected":false},"excerpt":{"rendered":"<p>[vc_row disable_element=&#8221;yes&#8221; css=&#8221;.vc_custom_1644492660641{padding-top: 50px !important;padding-bottom: 30px !important;}&#8221;][vc_column width=&#8221;1\/2&#8243;][vc_column_text]Ut wisi enim ad minim veniam, quis nostrud exerci tation ullamcorper suscipit lobortis&hellip;<\/p>\n","protected":false},"author":2,"featured_media":1954,"parent":0,"menu_order":0,"comment_status":"closed","ping_status":"closed","template":"","meta":{"_acf_changed":false,"inline_featured_image":false,"_monsterinsights_skip_tracking":false,"_monsterinsights_sitenote_active":false,"_monsterinsights_sitenote_note":"","_monsterinsights_sitenote_category":0,"footnotes":""},"class_list":["post-2088","page","type-page","status-publish","has-post-thumbnail","hentry","entry","has-media"],"acf":[],"yoast_head":"<!-- This site is optimized with the Yoast SEO plugin v22.7 - https:\/\/yoast.com\/wordpress\/plugins\/seo\/ -->\n<title>News &#187; BluAgri, boosting life underground<\/title>\n<meta name=\"robots\" content=\"index, follow, max-snippet:-1, max-image-preview:large, max-video-preview:-1\" \/>\n<link rel=\"canonical\" href=\"https:\/\/www.bluagri.com\/pt-br\/news\/\" \/>\n<meta property=\"og:locale\" content=\"pt_BR\" \/>\n<meta property=\"og:type\" content=\"article\" \/>\n<meta property=\"og:title\" content=\"News &#187; BluAgri, boosting life underground\" \/>\n<meta property=\"og:description\" content=\"[vc_row disable_element=&#8221;yes&#8221; css=&#8221;.vc_custom_1644492660641{padding-top: 50px !important;padding-bottom: 30px !important;}&#8221;][vc_column width=&#8221;1\/2&#8243;][vc_column_text]Ut wisi enim ad minim veniam, quis nostrud exerci tation ullamcorper suscipit lobortis&hellip;\" \/>\n<meta property=\"og:url\" content=\"https:\/\/www.bluagri.com\/pt-br\/news\/\" \/>\n<meta property=\"og:site_name\" content=\"BluAgri\" \/>\n<meta property=\"article:publisher\" content=\"https:\/\/www.facebook.com\/BluAgrisrl\/\" \/>\n<meta property=\"article:modified_time\" content=\"2022-05-06T12:22:53+00:00\" \/>\n<meta property=\"og:image\" content=\"https:\/\/www.bluagri.com\/wp-content\/uploads\/2022\/02\/BluAgri-1024x681.png\" \/>\n\t<meta property=\"og:image:width\" content=\"1024\" \/>\n\t<meta property=\"og:image:height\" content=\"681\" \/>\n\t<meta property=\"og:image:type\" content=\"image\/png\" \/>\n<meta name=\"twitter:card\" content=\"summary_large_image\" \/>\n<script type=\"application\/ld+json\" class=\"yoast-schema-graph\">{\"@context\":\"https:\/\/schema.org\",\"@graph\":[{\"@type\":\"WebPage\",\"@id\":\"https:\/\/www.bluagri.com\/pt-br\/news\/\",\"url\":\"https:\/\/www.bluagri.com\/pt-br\/news\/\",\"name\":\"News &#187; BluAgri, boosting life underground\",\"isPartOf\":{\"@id\":\"https:\/\/www.bluagri.com\/pt-br\/#website\"},\"primaryImageOfPage\":{\"@id\":\"https:\/\/www.bluagri.com\/pt-br\/news\/#primaryimage\"},\"image\":{\"@id\":\"https:\/\/www.bluagri.com\/pt-br\/news\/#primaryimage\"},\"thumbnailUrl\":\"https:\/\/www.bluagri.com\/wp-content\/uploads\/2022\/02\/BluAgri.png\",\"datePublished\":\"2021-11-18T08:36:43+00:00\",\"dateModified\":\"2022-05-06T12:22:53+00:00\",\"breadcrumb\":{\"@id\":\"https:\/\/www.bluagri.com\/pt-br\/news\/#breadcrumb\"},\"inLanguage\":\"pt-BR\",\"potentialAction\":[{\"@type\":\"ReadAction\",\"target\":[\"https:\/\/www.bluagri.com\/pt-br\/news\/\"]}]},{\"@type\":\"ImageObject\",\"inLanguage\":\"pt-BR\",\"@id\":\"https:\/\/www.bluagri.com\/pt-br\/news\/#primaryimage\",\"url\":\"https:\/\/www.bluagri.com\/wp-content\/uploads\/2022\/02\/BluAgri.png\",\"contentUrl\":\"https:\/\/www.bluagri.com\/wp-content\/uploads\/2022\/02\/BluAgri.png\",\"width\":2312,\"height\":1538},{\"@type\":\"BreadcrumbList\",\"@id\":\"https:\/\/www.bluagri.com\/pt-br\/news\/#breadcrumb\",\"itemListElement\":[{\"@type\":\"ListItem\",\"position\":1,\"name\":\"Home\",\"item\":\"https:\/\/www.bluagri.com\/pt-br\/\"},{\"@type\":\"ListItem\",\"position\":2,\"name\":\"News\"}]},{\"@type\":\"WebSite\",\"@id\":\"https:\/\/www.bluagri.com\/pt-br\/#website\",\"url\":\"https:\/\/www.bluagri.com\/pt-br\/\",\"name\":\"BluAgri\",\"description\":\"boosting life underground\",\"publisher\":{\"@id\":\"https:\/\/www.bluagri.com\/pt-br\/#organization\"},\"potentialAction\":[{\"@type\":\"SearchAction\",\"target\":{\"@type\":\"EntryPoint\",\"urlTemplate\":\"https:\/\/www.bluagri.com\/pt-br\/?s={search_term_string}\"},\"query-input\":\"required name=search_term_string\"}],\"inLanguage\":\"pt-BR\"},{\"@type\":\"Organization\",\"@id\":\"https:\/\/www.bluagri.com\/pt-br\/#organization\",\"name\":\"BluAgri srl\",\"url\":\"https:\/\/www.bluagri.com\/pt-br\/\",\"logo\":{\"@type\":\"ImageObject\",\"inLanguage\":\"pt-BR\",\"@id\":\"https:\/\/www.bluagri.com\/pt-br\/#\/schema\/logo\/image\/\",\"url\":\"https:\/\/www.bluagri.com\/wp-content\/uploads\/2021\/11\/bluagri_logo@2x.png\",\"contentUrl\":\"https:\/\/www.bluagri.com\/wp-content\/uploads\/2021\/11\/bluagri_logo@2x.png\",\"width\":600,\"height\":138,\"caption\":\"BluAgri srl\"},\"image\":{\"@id\":\"https:\/\/www.bluagri.com\/pt-br\/#\/schema\/logo\/image\/\"},\"sameAs\":[\"https:\/\/www.facebook.com\/BluAgrisrl\/\",\"https:\/\/www.instagram.com\/bluagri\/\",\"https:\/\/it.linkedin.com\/company\/bluagri\",\"https:\/\/www.youtube.com\/channel\/UCuTbQEQiPj9TdThi1b0ABAQ\"]}]}<\/script>\n<!-- \/ Yoast SEO plugin. -->","yoast_head_json":{"title":"News &#187; BluAgri, boosting life underground","robots":{"index":"index","follow":"follow","max-snippet":"max-snippet:-1","max-image-preview":"max-image-preview:large","max-video-preview":"max-video-preview:-1"},"canonical":"https:\/\/www.bluagri.com\/pt-br\/news\/","og_locale":"pt_BR","og_type":"article","og_title":"News &#187; BluAgri, boosting life underground","og_description":"[vc_row disable_element=&#8221;yes&#8221; css=&#8221;.vc_custom_1644492660641{padding-top: 50px !important;padding-bottom: 30px !important;}&#8221;][vc_column width=&#8221;1\/2&#8243;][vc_column_text]Ut wisi enim ad minim veniam, quis nostrud exerci tation ullamcorper suscipit lobortis&hellip;","og_url":"https:\/\/www.bluagri.com\/pt-br\/news\/","og_site_name":"BluAgri","article_publisher":"https:\/\/www.facebook.com\/BluAgrisrl\/","article_modified_time":"2022-05-06T12:22:53+00:00","og_image":[{"width":1024,"height":681,"url":"https:\/\/www.bluagri.com\/wp-content\/uploads\/2022\/02\/BluAgri-1024x681.png","type":"image\/png"}],"twitter_card":"summary_large_image","schema":{"@context":"https:\/\/schema.org","@graph":[{"@type":"WebPage","@id":"https:\/\/www.bluagri.com\/pt-br\/news\/","url":"https:\/\/www.bluagri.com\/pt-br\/news\/","name":"News &#187; BluAgri, boosting life underground","isPartOf":{"@id":"https:\/\/www.bluagri.com\/pt-br\/#website"},"primaryImageOfPage":{"@id":"https:\/\/www.bluagri.com\/pt-br\/news\/#primaryimage"},"image":{"@id":"https:\/\/www.bluagri.com\/pt-br\/news\/#primaryimage"},"thumbnailUrl":"https:\/\/www.bluagri.com\/wp-content\/uploads\/2022\/02\/BluAgri.png","datePublished":"2021-11-18T08:36:43+00:00","dateModified":"2022-05-06T12:22:53+00:00","breadcrumb":{"@id":"https:\/\/www.bluagri.com\/pt-br\/news\/#breadcrumb"},"inLanguage":"pt-BR","potentialAction":[{"@type":"ReadAction","target":["https:\/\/www.bluagri.com\/pt-br\/news\/"]}]},{"@type":"ImageObject","inLanguage":"pt-BR","@id":"https:\/\/www.bluagri.com\/pt-br\/news\/#primaryimage","url":"https:\/\/www.bluagri.com\/wp-content\/uploads\/2022\/02\/BluAgri.png","contentUrl":"https:\/\/www.bluagri.com\/wp-content\/uploads\/2022\/02\/BluAgri.png","width":2312,"height":1538},{"@type":"BreadcrumbList","@id":"https:\/\/www.bluagri.com\/pt-br\/news\/#breadcrumb","itemListElement":[{"@type":"ListItem","position":1,"name":"Home","item":"https:\/\/www.bluagri.com\/pt-br\/"},{"@type":"ListItem","position":2,"name":"News"}]},{"@type":"WebSite","@id":"https:\/\/www.bluagri.com\/pt-br\/#website","url":"https:\/\/www.bluagri.com\/pt-br\/","name":"BluAgri","description":"boosting life underground","publisher":{"@id":"https:\/\/www.bluagri.com\/pt-br\/#organization"},"potentialAction":[{"@type":"SearchAction","target":{"@type":"EntryPoint","urlTemplate":"https:\/\/www.bluagri.com\/pt-br\/?s={search_term_string}"},"query-input":"required name=search_term_string"}],"inLanguage":"pt-BR"},{"@type":"Organization","@id":"https:\/\/www.bluagri.com\/pt-br\/#organization","name":"BluAgri srl","url":"https:\/\/www.bluagri.com\/pt-br\/","logo":{"@type":"ImageObject","inLanguage":"pt-BR","@id":"https:\/\/www.bluagri.com\/pt-br\/#\/schema\/logo\/image\/","url":"https:\/\/www.bluagri.com\/wp-content\/uploads\/2021\/11\/bluagri_logo@2x.png","contentUrl":"https:\/\/www.bluagri.com\/wp-content\/uploads\/2021\/11\/bluagri_logo@2x.png","width":600,"height":138,"caption":"BluAgri srl"},"image":{"@id":"https:\/\/www.bluagri.com\/pt-br\/#\/schema\/logo\/image\/"},"sameAs":["https:\/\/www.facebook.com\/BluAgrisrl\/","https:\/\/www.instagram.com\/bluagri\/","https:\/\/it.linkedin.com\/company\/bluagri","https:\/\/www.youtube.com\/channel\/UCuTbQEQiPj9TdThi1b0ABAQ"]}]}},"_links":{"self":[{"href":"https:\/\/www.bluagri.com\/pt-br\/wp-json\/wp\/v2\/pages\/2088","targetHints":{"allow":["GET"]}}],"collection":[{"href":"https:\/\/www.bluagri.com\/pt-br\/wp-json\/wp\/v2\/pages"}],"about":[{"href":"https:\/\/www.bluagri.com\/pt-br\/wp-json\/wp\/v2\/types\/page"}],"author":[{"embeddable":true,"href":"https:\/\/www.bluagri.com\/pt-br\/wp-json\/wp\/v2\/users\/2"}],"replies":[{"embeddable":true,"href":"https:\/\/www.bluagri.com\/pt-br\/wp-json\/wp\/v2\/comments?post=2088"}],"version-history":[{"count":1,"href":"https:\/\/www.bluagri.com\/pt-br\/wp-json\/wp\/v2\/pages\/2088\/revisions"}],"predecessor-version":[{"id":2090,"href":"https:\/\/www.bluagri.com\/pt-br\/wp-json\/wp\/v2\/pages\/2088\/revisions\/2090"}],"wp:featuredmedia":[{"embeddable":true,"href":"https:\/\/www.bluagri.com\/pt-br\/wp-json\/wp\/v2\/media\/1954"}],"wp:attachment":[{"href":"https:\/\/www.bluagri.com\/pt-br\/wp-json\/wp\/v2\/media?parent=2088"}],"curies":[{"name":"wp","href":"https:\/\/api.w.org\/{rel}","templated":true}]}}