{"id":2063,"date":"2021-11-18T09:36:34","date_gmt":"2021-11-18T08:36:34","guid":{"rendered":"https:\/\/www.bluagri.com\/chi-siamo\/"},"modified":"2023-06-29T16:43:17","modified_gmt":"2023-06-29T14:43:17","slug":"quem-somos","status":"publish","type":"page","link":"https:\/\/www.bluagri.com\/pt-br\/quem-somos\/","title":{"rendered":"Quem Somos"},"content":{"rendered":"<div class=\"wpb-content-wrapper\">[vc_row css=&#8221;.vc_custom_1637596273553{padding-bottom: 60px !important;}&#8221;][vc_column css=&#8221;.vc_custom_1637660058190{margin-bottom: 60px !important;}&#8221;][vc_column_text]A BluAgri \u00e9 uma empresa italiana que elabora produtos de base natural<br \/>\npara <strong>aumentar a fertilidade microbiol\u00f3gica do solo<\/strong>, com o objetivo<br \/>\nde reduzir o impacto ambiental da agricultura atual. A empresa nasceu<br \/>\nda consci\u00eancia de que a agricultura do futuro deve operar em rela\u00e7\u00e3o \u00e0<br \/>\nnatureza, com vistas \u00e0 sustentabilidade e redu\u00e7\u00e3o do impacto ambiental.<br \/>\nTemos a certeza de que a conserva\u00e7\u00e3o e a agricultura regenerativa<br \/>\nrequerem ferramentas seguras e eficazes, com vistas \u00e0 produ\u00e7\u00e3o quantitativa<br \/>\ne qualitativamente excelente.<br \/>\nPor isso a BluAgri desenvolveu uma linha de produtos com base<br \/>\nem mat\u00e9rias-primas de elevada qualidade natural, testados e certificados<br \/>\npara uso em <strong>agricultura org\u00e2nica<\/strong> e de baixo carbono, em apoio de<br \/>\ngrandes e pequenos agricultores que querem lidar com consci\u00eancia e<br \/>\nsobre os desafios do futuro.<br \/>\nQueremos crescer com a natureza e n\u00e3o lutar contra ela.[\/vc_column_text]<h3 class=\"vcex-heading vcex-heading-plain vcex-module wpex-heading wpex-text-2xl wpex-h3 vc_custom_1651654547474\"><span class=\"vcex-heading-inner wpex-inline-block\">Melhoramos a sustentabilidade econ\u00f4mica, ambiental e social da agricultura.<\/span><\/h3>[\/vc_column][\/vc_row][vc_row css=&#8221;.vc_custom_1644491964532{margin-top: -40px !important;}&#8221;][vc_column]<h2 class=\"vcex-heading vcex-heading-plain vcex-module wpex-heading wpex-text-2xl wpex-h2 wpex-mb-20\"><span class=\"vcex-heading-inner wpex-inline-block\">Miss\u00e3o<\/span><\/h2>[vc_column_text css=&#8221;.vc_custom_1658154808579{margin-bottom: 60px !important;}&#8221;]Repensar a agricultura, <strong>melhorando a sa\u00fade do solo<\/strong> e aumentando o rendimento das culturas para <strong>enfrentar os desafios do futuro<\/strong>, como as mudan\u00e7as clim\u00e1ticas.[\/vc_column_text]<h2 class=\"vcex-heading vcex-heading-plain vcex-module wpex-heading wpex-text-2xl wpex-h2 wpex-mb-20\"><span class=\"vcex-heading-inner wpex-inline-block\">Vis\u00e3o<\/span><\/h2>[vc_column_text css=&#8221;.vc_custom_1658154832545{margin-bottom: 45px !important;}&#8221;]Ser l\u00edder em alternativa cient\u00edfica e tecnol\u00f3gica \u00e0 agricultura tradicional do manejo de cultivos, <strong>inovando e melhorando<\/strong> a sustentabilidade econ\u00f4mica, ambiental e social do agroneg\u00f3cio.[\/vc_column_text]<h2 class=\"vcex-heading vcex-heading-plain vcex-module wpex-heading wpex-text-2xl wpex-h2 wpex-mb-20\"><span class=\"vcex-heading-inner wpex-inline-block\">Prop\u00f3sito<\/span><\/h2>[vc_column_text css=&#8221;.vc_custom_1658154951381{margin-bottom: 45px !important;}&#8221;]Produzir e oferecer conhecimento cient\u00edfico e solu\u00e7\u00f5es tecnol\u00f3gicas para a <strong>moderniza\u00e7\u00e3o da agricultura<\/strong>, atrav\u00e9s do cultivo sustent\u00e1vel.[\/vc_column_text]<h2 class=\"vcex-heading vcex-heading-plain vcex-module wpex-heading wpex-text-2xl wpex-h2 wpex-mb-20\"><span class=\"vcex-heading-inner wpex-inline-block\">Mantra<\/span><\/h2>[vc_column_text css=&#8221;.vc_custom_1658154979003{margin-bottom: 45px !important;}&#8221;]Crescer em equil\u00edbrio com a natureza.[\/vc_column_text]<h2 class=\"vcex-heading vcex-heading-plain vcex-module wpex-heading wpex-text-2xl wpex-h2 wpex-mb-20\"><span class=\"vcex-heading-inner wpex-inline-block\">Valores<\/span><\/h2>[vc_column_text css=&#8221;.vc_custom_1658155002450{margin-bottom: 45px !important;}&#8221;]Sustentabilidade. Sa\u00fade. Natureza. Inova\u00e7\u00e3o. Tecnologia.[\/vc_column_text]<h3 class=\"vcex-heading vcex-heading-plain vcex-module wpex-heading wpex-text-2xl wpex-h3 vc_custom_1651836460897\"><span class=\"vcex-heading-inner wpex-inline-block\">Somos uma empresa em <span class=\"special\">r\u00e1pido crescimento no mundo<\/span>, gra\u00e7as a um alto n\u00edvel de especializa\u00e7\u00e3o e a uma vis\u00e3o inovadora da agricultura.<\/span><\/h3>[\/vc_column][\/vc_row][vc_row][vc_column][vc_single_image image=&#8221;2394&#8243;][\/vc_column][\/vc_row][vc_row][vc_column]<h2 class=\"vcex-heading vcex-heading-plain vcex-module wpex-heading wpex-text-2xl wpex-h2\"><span class=\"vcex-heading-inner wpex-inline-block\">BluAgri e Ever SRL<\/span><\/h2>[\/vc_column][\/vc_row][vc_row][vc_column][vc_column_text]A pesquisa e o desenvolvimento dos produtos BluAgri \u00e9 compartilhada com a Ever SRL e realizadas dentro do Grupo Esseco. O Grupo Esseco \u00e9 um grupo industrial, familiar e italiano que oferece produtos e servi\u00e7os para a ind\u00fastria qu\u00edmica e enol\u00f3gica, com marcas l\u00edderes de mercado em n\u00edvel global, cobrindo de forma completa e integrada todas as necessidades do mundo do vinho, da vinha \u00e0 adega, do ponto de venda \u00e0 mesa do consumidor.[\/vc_column_text][\/vc_column][\/vc_row][vc_row][vc_column][vc_column_text]O Grupo Esseco, tem mais de 100 anos de hist\u00f3ria, com presen\u00e7a direta em 15 pa\u00edses do mundo e mais de 1.000 funcion\u00e1rios. Foi a Ever SRL, parte do Grupo Esseco, que criou a empresa BluAgri em 2017, inicialmente para comercializar os produtos BluVite e depois todos os outros produtos que foram sendo lan\u00e7ados gradualmente no mercado.[\/vc_column_text][\/vc_column][\/vc_row][vc_row][vc_column][vc_single_image image=&#8221;1328&#8243;][\/vc_column][\/vc_row][vc_row][vc_column]<h2 class=\"vcex-heading vcex-heading-plain vcex-module wpex-heading wpex-text-2xl wpex-h2\"><span class=\"vcex-heading-inner wpex-inline-block\">Pesquisa e Desenvolvimento<\/span><\/h2>[\/vc_column][\/vc_row][vc_row][vc_column][vc_column_text]Desde o in\u00edcio a BluAgri p\u00f4de contar com a colabora\u00e7\u00e3o de especialistas em vinho e agr\u00f4nomos que trabalham na Ever SRL, os quais contando com os laborat\u00f3rios de pesquisa e desenvolvimento do Grupo Esseco, tornaram poss\u00edvel a formula\u00e7\u00e3o de nossos produtos. O <strong>trabalho no campo<\/strong> e a sele\u00e7\u00e3o das <strong>mat\u00e9rias-primas<\/strong> mais adequadas permitiu aos t\u00e9cnicos da BluAgri lan\u00e7ar no mercado uma ampla gama de produtos dedicados a diferentes culturas, al\u00e9m da <strong>vinha<\/strong>, produtos para <strong>hortali\u00e7as<\/strong>, <strong>frutas<\/strong>, <strong>grandes culturas<\/strong>, como soja, milho, algod\u00e3o, cereais de inverno, al\u00e9m de produtos para culturas de cobertura e pastagens.[\/vc_column_text][\/vc_column][\/vc_row][vc_row][vc_column][vc_column_text]Um papel especial no projeto \u00e9 desempenhado pela <strong>Italiana Biotecnologie<\/strong> (uma empresa do grupo com sede em Montebello Vicentino), que \u00e9 um verdadeiro think tank especializado em encontrar aplica\u00e7\u00f5es e solu\u00e7\u00f5es biotecnol\u00f3gicas.[\/vc_column_text][\/vc_column][\/vc_row][vc_row][vc_column][vc_column_text]Um solo saud\u00e1vel tem capacidade de<strong> sustentar a produtividade das plantas<\/strong>, manter a qualidade ambiental e tamb\u00e9m de promover a sa\u00fade humana.<\/p>\n<p>Empenhados em melhorar a qualidade dos solos, a BluAgri possui um projeto que\u00a0objetiva-se avaliar o efeito da aplica\u00e7\u00e3o de <strong>BluSoia<\/strong> e <strong>BluMais<\/strong> nas propriedades qu\u00edmicas, f\u00edsicas e biol\u00f3gicas do solo em diferentes regi\u00f5es do Brasil cultivadas com soja\/milho, comparando faixas experimentais com e sem aplica\u00e7\u00e3o do produto. O projeto ser\u00e1 conduzido em campos de pesquisa e lavouras comerciais nos seguintes estados: Maranh\u00e3o, Bahia, Mato Grosso, Mato Grosso do Sul, Paran\u00e1, Santa Catarina, Rio Grande do Sul e Tocantins, totalizando 14 \u00e1reas ao todo.<\/p>\n<p><strong>Assista ao v\u00eddeo<\/strong> e entenda como a BluAgri pode te ajudar a ter solos saud\u00e1veis e de que forma avaliamos e acompanhamos essa evolu\u00e7\u00e3o da melhoria do solo. Projeto inovador sendo desenvolvido em parceria com o Grupo Sohma, da ESALQ\/USP.[\/vc_column_text]<div class=\"vcex-spacing wpex-w-100 wpex-clear\"><\/div>[vc_video link=&#8221;https:\/\/youtu.be\/af3xpWCKdEg&#8221;][vc_column_text]A BluAgri \u00e9 uma tecnologia que ativa e <strong>estimula os microrganismos nativos do solo<\/strong>, especialmente as bact\u00e9rias. Com isso, o produtor no primeiro ano de uso j\u00e1 tem incrementos de produtividade e a m\u00e9dio e longo prazo melhoria na qualidade do seu solo. <strong>Assista ao v\u00eddeo<\/strong> e entenda de que forma a planta de milho responde a essa ativa\u00e7\u00e3o da microbiota dos solos j\u00e1 no primeiro ano de uso.[\/vc_column_text]<div class=\"vcex-spacing wpex-w-100 wpex-clear\"><\/div>[vc_video link=&#8221;https:\/\/youtu.be\/Q9WxWxPVo-s&#8221;][vc_column_text]O <strong>BluSoia 1<\/strong> e <strong>BluMais 1<\/strong> s\u00e3o produtos espec\u00edficos para a cultura da soja e milho, respectivamente. Suas composi\u00e7\u00f5es s\u00e3o de sulfato de ca\u0301lcio de origem natural e cobertos pelo segredo comercial da tecnologia. Ambos devem ser utilizados em contato direto com a semente.<\/p>\n<p><strong>Assista ao v\u00eddeo<\/strong> e veja como podemos utilizar BluSoia 1 e BluMais 1 junto com a semente.[\/vc_column_text][vc_video link=&#8221;https:\/\/youtu.be\/_yTxL5GiXaU&#8221;][vc_column_text]Temos a op\u00e7\u00e3o de usar como p\u00f3 secante no momento do tratamento de sementes, uniformiza-los as sementes j\u00e1 tratadas com auxilio de algum equipamento dispon\u00edvel na propriedade ou apenas distribuir sob as sementes na caixa de semeadura. Veja qual forma se ajusta melhor a sua realidade e nos chame para lhe apresentar a tecnologia que vem revolucionando o mercado. E n\u00e3o se esque\u00e7a: <strong>Nossa tecnologia tem dupla a\u00e7\u00e3o: no solo e nas lavouras! <\/strong>[\/vc_column_text][\/vc_column][\/vc_row][vc_row disable_element=&#8221;yes&#8221;][vc_column][vc_single_image image=&#8221;1331&#8243;][\/vc_column][\/vc_row][vc_row][vc_column]<h2 class=\"vcex-heading vcex-heading-plain vcex-module wpex-heading wpex-text-2xl wpex-h2\"><span class=\"vcex-heading-inner wpex-inline-block\">Aonde estamos?<\/span><\/h2>[\/vc_column][\/vc_row][vc_row][vc_column][vc_column_text]A BluAgri est\u00e1 presente em v\u00e1rios mercados, incluindo Europa, Am\u00e9rica do Norte, Am\u00e9rica do Sul e \u00c1frica com suas solu\u00e7\u00f5es, envolvendo mais de 100 pessoas em suas atividades comerciais e t\u00e9cnicas.<br \/>\nNo Brasil estamos localizados na Rua Domingos De Marchi, 58 &#8211; Bairro Garibaldina. Na cidade de Garibaldi no estado do Rio Grande do Sul.[\/vc_column_text][\/vc_column][\/vc_row][vc_row disable_element=&#8221;yes&#8221;][vc_column][vc_single_image image=&#8221;328&#8243;][\/vc_column][\/vc_row]\n<\/div>","protected":false},"excerpt":{"rendered":"<p>[vc_row css=&#8221;.vc_custom_1637596273553{padding-bottom: 60px !important;}&#8221;][vc_column css=&#8221;.vc_custom_1637660058190{margin-bottom: 60px !important;}&#8221;][vc_column_text]A BluAgri \u00e9 uma empresa italiana que elabora produtos de base natural para aumentar&hellip;<\/p>\n","protected":false},"author":2,"featured_media":1954,"parent":0,"menu_order":0,"comment_status":"closed","ping_status":"closed","template":"","meta":{"_acf_changed":false,"inline_featured_image":false,"_monsterinsights_skip_tracking":false,"_monsterinsights_sitenote_active":false,"_monsterinsights_sitenote_note":"","_monsterinsights_sitenote_category":0,"footnotes":""},"class_list":["post-2063","page","type-page","status-publish","has-post-thumbnail","hentry","entry","has-media"],"acf":[],"yoast_head":"<!-- This site is optimized with the Yoast SEO plugin v22.7 - https:\/\/yoast.com\/wordpress\/plugins\/seo\/ -->\n<title>Quem Somos &#187; BluAgri, boosting life underground<\/title>\n<meta name=\"robots\" content=\"index, follow, max-snippet:-1, max-image-preview:large, max-video-preview:-1\" \/>\n<link rel=\"canonical\" href=\"https:\/\/www.bluagri.com\/pt-br\/quem-somos\/\" \/>\n<meta property=\"og:locale\" content=\"pt_BR\" \/>\n<meta property=\"og:type\" content=\"article\" \/>\n<meta property=\"og:title\" content=\"Quem Somos &#187; BluAgri, boosting life underground\" \/>\n<meta property=\"og:description\" content=\"[vc_row css=&#8221;.vc_custom_1637596273553{padding-bottom: 60px !important;}&#8221;][vc_column css=&#8221;.vc_custom_1637660058190{margin-bottom: 60px !important;}&#8221;][vc_column_text]A BluAgri \u00e9 uma empresa italiana que elabora produtos de base natural para aumentar&hellip;\" \/>\n<meta property=\"og:url\" content=\"https:\/\/www.bluagri.com\/pt-br\/quem-somos\/\" \/>\n<meta property=\"og:site_name\" content=\"BluAgri\" \/>\n<meta property=\"article:publisher\" content=\"https:\/\/www.facebook.com\/BluAgrisrl\/\" \/>\n<meta property=\"article:modified_time\" content=\"2023-06-29T14:43:17+00:00\" \/>\n<meta property=\"og:image\" content=\"https:\/\/www.bluagri.com\/wp-content\/uploads\/2022\/02\/BluAgri-1024x681.png\" \/>\n\t<meta property=\"og:image:width\" content=\"1024\" \/>\n\t<meta property=\"og:image:height\" content=\"681\" \/>\n\t<meta property=\"og:image:type\" content=\"image\/png\" \/>\n<meta name=\"twitter:card\" content=\"summary_large_image\" \/>\n<script type=\"application\/ld+json\" class=\"yoast-schema-graph\">{\"@context\":\"https:\/\/schema.org\",\"@graph\":[{\"@type\":[\"WebPage\",\"AboutPage\"],\"@id\":\"https:\/\/www.bluagri.com\/pt-br\/quem-somos\/\",\"url\":\"https:\/\/www.bluagri.com\/pt-br\/quem-somos\/\",\"name\":\"Quem Somos &#187; BluAgri, boosting life underground\",\"isPartOf\":{\"@id\":\"https:\/\/www.bluagri.com\/pt-br\/#website\"},\"primaryImageOfPage\":{\"@id\":\"https:\/\/www.bluagri.com\/pt-br\/quem-somos\/#primaryimage\"},\"image\":{\"@id\":\"https:\/\/www.bluagri.com\/pt-br\/quem-somos\/#primaryimage\"},\"thumbnailUrl\":\"https:\/\/www.bluagri.com\/wp-content\/uploads\/2022\/02\/BluAgri.png\",\"datePublished\":\"2021-11-18T08:36:34+00:00\",\"dateModified\":\"2023-06-29T14:43:17+00:00\",\"breadcrumb\":{\"@id\":\"https:\/\/www.bluagri.com\/pt-br\/quem-somos\/#breadcrumb\"},\"inLanguage\":\"pt-BR\",\"potentialAction\":[{\"@type\":\"ReadAction\",\"target\":[\"https:\/\/www.bluagri.com\/pt-br\/quem-somos\/\"]}]},{\"@type\":\"ImageObject\",\"inLanguage\":\"pt-BR\",\"@id\":\"https:\/\/www.bluagri.com\/pt-br\/quem-somos\/#primaryimage\",\"url\":\"https:\/\/www.bluagri.com\/wp-content\/uploads\/2022\/02\/BluAgri.png\",\"contentUrl\":\"https:\/\/www.bluagri.com\/wp-content\/uploads\/2022\/02\/BluAgri.png\",\"width\":2312,\"height\":1538},{\"@type\":\"BreadcrumbList\",\"@id\":\"https:\/\/www.bluagri.com\/pt-br\/quem-somos\/#breadcrumb\",\"itemListElement\":[{\"@type\":\"ListItem\",\"position\":1,\"name\":\"Home\",\"item\":\"https:\/\/www.bluagri.com\/pt-br\/\"},{\"@type\":\"ListItem\",\"position\":2,\"name\":\"Quem Somos\"}]},{\"@type\":\"WebSite\",\"@id\":\"https:\/\/www.bluagri.com\/pt-br\/#website\",\"url\":\"https:\/\/www.bluagri.com\/pt-br\/\",\"name\":\"BluAgri\",\"description\":\"boosting life underground\",\"publisher\":{\"@id\":\"https:\/\/www.bluagri.com\/pt-br\/#organization\"},\"potentialAction\":[{\"@type\":\"SearchAction\",\"target\":{\"@type\":\"EntryPoint\",\"urlTemplate\":\"https:\/\/www.bluagri.com\/pt-br\/?s={search_term_string}\"},\"query-input\":\"required name=search_term_string\"}],\"inLanguage\":\"pt-BR\"},{\"@type\":\"Organization\",\"@id\":\"https:\/\/www.bluagri.com\/pt-br\/#organization\",\"name\":\"BluAgri srl\",\"url\":\"https:\/\/www.bluagri.com\/pt-br\/\",\"logo\":{\"@type\":\"ImageObject\",\"inLanguage\":\"pt-BR\",\"@id\":\"https:\/\/www.bluagri.com\/pt-br\/#\/schema\/logo\/image\/\",\"url\":\"https:\/\/www.bluagri.com\/wp-content\/uploads\/2021\/11\/bluagri_logo@2x.png\",\"contentUrl\":\"https:\/\/www.bluagri.com\/wp-content\/uploads\/2021\/11\/bluagri_logo@2x.png\",\"width\":600,\"height\":138,\"caption\":\"BluAgri srl\"},\"image\":{\"@id\":\"https:\/\/www.bluagri.com\/pt-br\/#\/schema\/logo\/image\/\"},\"sameAs\":[\"https:\/\/www.facebook.com\/BluAgrisrl\/\",\"https:\/\/www.instagram.com\/bluagri\/\",\"https:\/\/it.linkedin.com\/company\/bluagri\",\"https:\/\/www.youtube.com\/channel\/UCuTbQEQiPj9TdThi1b0ABAQ\"]}]}<\/script>\n<!-- \/ Yoast SEO plugin. -->","yoast_head_json":{"title":"Quem Somos &#187; BluAgri, boosting life underground","robots":{"index":"index","follow":"follow","max-snippet":"max-snippet:-1","max-image-preview":"max-image-preview:large","max-video-preview":"max-video-preview:-1"},"canonical":"https:\/\/www.bluagri.com\/pt-br\/quem-somos\/","og_locale":"pt_BR","og_type":"article","og_title":"Quem Somos &#187; BluAgri, boosting life underground","og_description":"[vc_row css=&#8221;.vc_custom_1637596273553{padding-bottom: 60px !important;}&#8221;][vc_column css=&#8221;.vc_custom_1637660058190{margin-bottom: 60px !important;}&#8221;][vc_column_text]A BluAgri \u00e9 uma empresa italiana que elabora produtos de base natural para aumentar&hellip;","og_url":"https:\/\/www.bluagri.com\/pt-br\/quem-somos\/","og_site_name":"BluAgri","article_publisher":"https:\/\/www.facebook.com\/BluAgrisrl\/","article_modified_time":"2023-06-29T14:43:17+00:00","og_image":[{"width":1024,"height":681,"url":"https:\/\/www.bluagri.com\/wp-content\/uploads\/2022\/02\/BluAgri-1024x681.png","type":"image\/png"}],"twitter_card":"summary_large_image","schema":{"@context":"https:\/\/schema.org","@graph":[{"@type":["WebPage","AboutPage"],"@id":"https:\/\/www.bluagri.com\/pt-br\/quem-somos\/","url":"https:\/\/www.bluagri.com\/pt-br\/quem-somos\/","name":"Quem Somos &#187; BluAgri, boosting life underground","isPartOf":{"@id":"https:\/\/www.bluagri.com\/pt-br\/#website"},"primaryImageOfPage":{"@id":"https:\/\/www.bluagri.com\/pt-br\/quem-somos\/#primaryimage"},"image":{"@id":"https:\/\/www.bluagri.com\/pt-br\/quem-somos\/#primaryimage"},"thumbnailUrl":"https:\/\/www.bluagri.com\/wp-content\/uploads\/2022\/02\/BluAgri.png","datePublished":"2021-11-18T08:36:34+00:00","dateModified":"2023-06-29T14:43:17+00:00","breadcrumb":{"@id":"https:\/\/www.bluagri.com\/pt-br\/quem-somos\/#breadcrumb"},"inLanguage":"pt-BR","potentialAction":[{"@type":"ReadAction","target":["https:\/\/www.bluagri.com\/pt-br\/quem-somos\/"]}]},{"@type":"ImageObject","inLanguage":"pt-BR","@id":"https:\/\/www.bluagri.com\/pt-br\/quem-somos\/#primaryimage","url":"https:\/\/www.bluagri.com\/wp-content\/uploads\/2022\/02\/BluAgri.png","contentUrl":"https:\/\/www.bluagri.com\/wp-content\/uploads\/2022\/02\/BluAgri.png","width":2312,"height":1538},{"@type":"BreadcrumbList","@id":"https:\/\/www.bluagri.com\/pt-br\/quem-somos\/#breadcrumb","itemListElement":[{"@type":"ListItem","position":1,"name":"Home","item":"https:\/\/www.bluagri.com\/pt-br\/"},{"@type":"ListItem","position":2,"name":"Quem Somos"}]},{"@type":"WebSite","@id":"https:\/\/www.bluagri.com\/pt-br\/#website","url":"https:\/\/www.bluagri.com\/pt-br\/","name":"BluAgri","description":"boosting life underground","publisher":{"@id":"https:\/\/www.bluagri.com\/pt-br\/#organization"},"potentialAction":[{"@type":"SearchAction","target":{"@type":"EntryPoint","urlTemplate":"https:\/\/www.bluagri.com\/pt-br\/?s={search_term_string}"},"query-input":"required name=search_term_string"}],"inLanguage":"pt-BR"},{"@type":"Organization","@id":"https:\/\/www.bluagri.com\/pt-br\/#organization","name":"BluAgri srl","url":"https:\/\/www.bluagri.com\/pt-br\/","logo":{"@type":"ImageObject","inLanguage":"pt-BR","@id":"https:\/\/www.bluagri.com\/pt-br\/#\/schema\/logo\/image\/","url":"https:\/\/www.bluagri.com\/wp-content\/uploads\/2021\/11\/bluagri_logo@2x.png","contentUrl":"https:\/\/www.bluagri.com\/wp-content\/uploads\/2021\/11\/bluagri_logo@2x.png","width":600,"height":138,"caption":"BluAgri srl"},"image":{"@id":"https:\/\/www.bluagri.com\/pt-br\/#\/schema\/logo\/image\/"},"sameAs":["https:\/\/www.facebook.com\/BluAgrisrl\/","https:\/\/www.instagram.com\/bluagri\/","https:\/\/it.linkedin.com\/company\/bluagri","https:\/\/www.youtube.com\/channel\/UCuTbQEQiPj9TdThi1b0ABAQ"]}]}},"_links":{"self":[{"href":"https:\/\/www.bluagri.com\/pt-br\/wp-json\/wp\/v2\/pages\/2063","targetHints":{"allow":["GET"]}}],"collection":[{"href":"https:\/\/www.bluagri.com\/pt-br\/wp-json\/wp\/v2\/pages"}],"about":[{"href":"https:\/\/www.bluagri.com\/pt-br\/wp-json\/wp\/v2\/types\/page"}],"author":[{"embeddable":true,"href":"https:\/\/www.bluagri.com\/pt-br\/wp-json\/wp\/v2\/users\/2"}],"replies":[{"embeddable":true,"href":"https:\/\/www.bluagri.com\/pt-br\/wp-json\/wp\/v2\/comments?post=2063"}],"version-history":[{"count":3,"href":"https:\/\/www.bluagri.com\/pt-br\/wp-json\/wp\/v2\/pages\/2063\/revisions"}],"predecessor-version":[{"id":3451,"href":"https:\/\/www.bluagri.com\/pt-br\/wp-json\/wp\/v2\/pages\/2063\/revisions\/3451"}],"wp:featuredmedia":[{"embeddable":true,"href":"https:\/\/www.bluagri.com\/pt-br\/wp-json\/wp\/v2\/media\/1954"}],"wp:attachment":[{"href":"https:\/\/www.bluagri.com\/pt-br\/wp-json\/wp\/v2\/media?parent=2063"}],"curies":[{"name":"wp","href":"https:\/\/api.w.org\/{rel}","templated":true}]}}